{"id":110,"date":"2019-11-26T12:22:54","date_gmt":"2019-11-26T12:22:54","guid":{"rendered":"https:\/\/demosites.io\/blogger-gb\/?page_id=5"},"modified":"2023-03-28T21:13:19","modified_gmt":"2023-03-28T19:13:19","slug":"582c1-blogger-gb-home","status":"publish","type":"page","link":"https:\/\/kursceramiki.pl\/","title":{"rendered":"kursceramiki.pl"},"content":{"rendered":"\n<div id=\"wp-block-themeisle-blocks-advanced-columns-b320f813\" class=\"wp-block-themeisle-blocks-advanced-columns has-2-columns has-desktop-twoOne-layout has-tablet-equal-layout has-mobile-collapsedRows-layout has-vertical-unset\"><div class=\"wp-block-themeisle-blocks-advanced-columns-overlay\"><\/div><div class=\"innerblocks-wrap\">\n<div id=\"wp-block-themeisle-blocks-advanced-column-c1a5ef57\" class=\"wp-block-themeisle-blocks-advanced-column\">\n<h2 class=\"wp-block-heading\">Ceramika i garncarstwo<\/h2>\n\n\n\n<h3 class=\"wp-block-heading\">wskaz\u00f3wki, inspiracje, ciekawostki<\/h3>\n\n\n\n<p>kursceramiki.pl to 10 lat zbierania do\u015bwiadcze\u0144 i pracy z glin\u0105. To miejsce w sieci, kt\u00f3re powsta\u0142o z potrzeby dzielenia si\u0119 tym do\u015bwiadczeniem i pasj\u0105.<\/p>\n\n\n\n<p>Znajdziesz tutaj nie tylko praktyczne wskaz\u00f3wki dotycz\u0105ce ceramiki i garncarstwa ale tak\u017ce wiele inspiruj\u0105cych historii, ciekawostek i informacji na temat tego rzemios\u0142a.<\/p>\n\n\n\n<p><\/p>\n\n\n\n<p>Zapraszamy wkr\u00f3tce! <br>Strona ci\u0105gle jest w budowie \ud83d\ude41 <\/p>\n<\/div>\n\n\n\n<div id=\"wp-block-themeisle-blocks-advanced-column-cd93be60\" class=\"wp-block-themeisle-blocks-advanced-column\"><\/div>\n<\/div><\/div>\n\n\n\n<div id=\"wp-block-themeisle-blocks-advanced-columns-194b2b21\" class=\"wp-block-themeisle-blocks-advanced-columns alignfull has-0-columns has-desktop-equal-layout has-tablet-equal-layout has-mobile-equal-layout has-vertical-unset\"><div class=\"wp-block-themeisle-blocks-advanced-columns-overlay\"><\/div><div class=\"innerblocks-wrap\"><\/div><\/div>\n\n\n\n<div id=\"wp-block-themeisle-blocks-advanced-columns-6a564611\" class=\"wp-block-themeisle-blocks-advanced-columns alignfull has-2-columns has-desktop-equal-layout has-tablet-equal-layout has-mobile-collapsedRows-layout has-vertical-unset\"><div class=\"wp-block-themeisle-blocks-advanced-columns-overlay\"><\/div><div class=\"innerblocks-wrap\">\n<div id=\"wp-block-themeisle-blocks-advanced-column-374d5d80\" class=\"wp-block-themeisle-blocks-advanced-column ticss-0e1467b8\"><\/div>\n\n\n\n<div id=\"wp-block-themeisle-blocks-advanced-column-b20eafeb\" class=\"wp-block-themeisle-blocks-advanced-column\"><\/div>\n<\/div><\/div>\n","protected":false},"excerpt":{"rendered":"","protected":false},"author":1,"featured_media":0,"parent":0,"menu_order":0,"comment_status":"closed","ping_status":"closed","template":"page-templates\/template-pagebuilder-full-width.php","meta":{"neve_meta_sidebar":"full-width","neve_meta_container":"","neve_meta_enable_content_width":"on","neve_meta_content_width":100,"neve_meta_title_alignment":"","neve_meta_author_avatar":"","neve_post_elements_order":"","neve_meta_disable_header":"","neve_meta_disable_footer":"","neve_meta_disable_title":"on","_themeisle_gutenberg_block_has_review":false,"_ti_tpc_template_sync":false,"_ti_tpc_template_id":"cq3zdpus82tmpryrxb4m","footnotes":""},"class_list":["post-110","page","type-page","status-publish","hentry"],"_links":{"self":[{"href":"https:\/\/kursceramiki.pl\/index.php\/wp-json\/wp\/v2\/pages\/110","targetHints":{"allow":["GET"]}}],"collection":[{"href":"https:\/\/kursceramiki.pl\/index.php\/wp-json\/wp\/v2\/pages"}],"about":[{"href":"https:\/\/kursceramiki.pl\/index.php\/wp-json\/wp\/v2\/types\/page"}],"author":[{"embeddable":true,"href":"https:\/\/kursceramiki.pl\/index.php\/wp-json\/wp\/v2\/users\/1"}],"replies":[{"embeddable":true,"href":"https:\/\/kursceramiki.pl\/index.php\/wp-json\/wp\/v2\/comments?post=110"}],"version-history":[{"count":8,"href":"https:\/\/kursceramiki.pl\/index.php\/wp-json\/wp\/v2\/pages\/110\/revisions"}],"predecessor-version":[{"id":133,"href":"https:\/\/kursceramiki.pl\/index.php\/wp-json\/wp\/v2\/pages\/110\/revisions\/133"}],"wp:attachment":[{"href":"https:\/\/kursceramiki.pl\/index.php\/wp-json\/wp\/v2\/media?parent=110"}],"curies":[{"name":"wp","href":"https:\/\/api.w.org\/{rel}","templated":true}]}}